{"id":6,"date":"2024-11-05T14:22:21","date_gmt":"2024-11-05T18:22:21","guid":{"rendered":"https:\/\/promadrica.com\/index.php\/mesmerize\/"},"modified":"2025-07-16T09:11:50","modified_gmt":"2025-07-16T13:11:50","slug":"mesmerize","status":"publish","type":"page","link":"https:\/\/promadrica.com\/","title":{"rendered":"Front Page"},"content":{"rendered":"<div  id=\"overlappable-4\" style=\"background-color: #ffffff;\" data-label=\"Overlappable\" data-id=\"overlappable-4\" data-export-id=\"overlappable-4\" data-category=\"overlappable\" class=\"overlappable-4 content-section content-section-spacing\" data-overlap=\"true\"><div  class=\"gridContainer\"> <div  data-type=\"row\" class=\"row spaced-cols text-center\"><div  class=\"col-xs-12 col-sm-4 col-padding\"> <i  class=\"fa icon fa-clone large shadow-large-black round aligncenter reverse color1\"><\/i> <div  data-type=\"column\" class=\"\"> <h5  class=\"\">REQUERIMIENTO DE PROYECTOS<\/h5> <p  class=\"\">Cumplimos con los requerimientos de nuestros clientes en materia de arquitectura, mec\u00e1nica, industrial, civil y elaboraci\u00f3n de concreto de alta calidad de producci\u00f3n<\/p><\/div> <\/div> <div  class=\"col-xs-12 col-sm-4 col-padding\"> <i  class=\"fa icon fa-cogs large shadow-large-black round aligncenter reverse color1\"><\/i> <div  data-type=\"column\" class=\"\"><h5  class=\"\">INGENIER\u00cdA ESPEC\u00cdFICA<\/h5> <p  class=\"\">Para el logro de un servicio excepcional, estamos comprometidos en nuestros procesos de ingenier\u00eda que aseguren las debidas garat\u00edas de calidad<\/p><\/div> <\/div> <div  class=\"col-xs-12 col-sm-4 col-padding\"> <i  class=\"fa icon fa-magic large shadow-large-black round aligncenter reverse color1\"><\/i> <div  data-type=\"column\" class=\"\"><h5  class=\"\">PROFESIONALES DE ALTO NIVEL<\/h5> <p  class=\"\">Nuestros profesionales cuentan con una trayectoria de capacitaci\u00f3n que aseguran la calidad de nuestros proyectos, entregas puntuales y compromiso<\/p><\/div> <\/div><\/div> <\/div><\/div><div  id=\"about-1\" style=\"background-color: #f5fafd;\" data-label=\"About\" data-id=\"about-1\" data-export-id=\"about-1\" data-category=\"about\" class=\"about-1 content-section\"><div  class=\"gridContainer\"> <div  class=\"row text-center\"><div  class=\"section-title-col\" data-type=\"column\"> <h5  class=\"\">ACERCA DE NOSOTROS<\/h5> <h2  class=\"\">Reconocidos por nuestra trayectoria de&nbsp;<span  href=\"#\" style=\"font-weight: 700; font-family: Playfair Display,sans-serif; font-style: italic;\">excelencia y calidad<\/span>&nbsp;siendo los mejores<\/h2> <p  class=\"lead\">Contamos con 30 a\u00f1os de respaldo entregando proyectos de ejecuci\u00f3n, excelencia y gerencia de obras con elevados est\u00e1ndares de calidad, acabados impresionantes y en los tiempos de entrega, cumpliendo los requerimientos de nuestros clientes.<\/p><\/div> <\/div> <div  class=\"row\"> <div  class=\"button-holder space-bottom space-bottom-small\" data-type=\"column\"> <a  class=\"button color1\" href=\"#about-1\" target=\"_self\" data-cp-link=\"1\" rel=\"noopener\">SABER M\u00c1S<\/a><\/div> <div  class=\"col-xs bottom-xs flexbox image-group-bottom-3-img space-bottom-xs center-xs\"> <img  decoding=\"async\" class=\"left-img shadow-large-black\" data-size=\"500x300\" src=\"http:\/\/promadrica.com\/wp-content\/uploads\/2024\/11\/cropped-1-768x576-1.jpg\" title=\"1-768x576\" alt=\"\"> <img  decoding=\"async\" class=\"center-img shadow-large-black\" data-size=\"500x300\" src=\"http:\/\/promadrica.com\/wp-content\/uploads\/2024\/11\/cropped-5-13.jpg\" title=\"cropped-5-13.jpg\" alt=\"\"> <img  decoding=\"async\" class=\"right-img shadow-large-black\" data-size=\"500x300\" src=\"http:\/\/promadrica.com\/wp-content\/uploads\/2024\/11\/cropped-6-14-768x512-1.jpg\" title=\"6-14-768x512\" alt=\"\"><\/div> <\/div><\/div> <\/div><div  id=\"features-3\" style=\"background-color: #ffffff;\" data-label=\"Features\" data-id=\"features-12-card-bordered\" data-export-id=\"features-12-card-bordered\" data-category=\"features\" class=\"features-12-card-bordered content-section content-section-spacing \"><div  class=\"gridContainer\"> <div  class=\"row text-center\"><div  class=\"section-title-col\" data-type=\"column\"> <h2  class=\"\">Los detalles que marcan la diferencia<\/h2> <p  class=\"lead\">Los clientes son nuestra prioridad, estamos en b\u00fasqueda de superar las espectativas y la calidad de los proyectos culminados. Para lograrlo, nos enfocamos en:<\/p><\/div> <\/div> <div  class=\"row spaced-cols\" data-type=\"row\"> <div  class=\"col-sm-6\"> <div  class=\"card row-card bordered y-move\"> <div  class=\"row\"> <div  class=\"col-sm-fit icon-column\"> <i  class=\"fa icon fa-connectdevelop round bordered color2\"><\/i> <\/div> <div  class=\"col-sm\" data-type=\"column\"> <h5  class=\"color2\">INGENIER\u00cdA DE PROCESOS<\/h5> <p  class=\"\">Estamos preparados para abordar los proyectos m\u00e1s complejos con excelente calidad. Desde el momento del primer contacto, licitaci\u00f3n, ingenier\u00eda y ejecuci\u00f3n; nuestros profesionales se enfocan en cada una de las fases del desarrollo del proyecto.<\/p><\/div> <\/div><\/div> <\/div> <div  class=\"col-sm-6\"> <div  class=\"card row-card bordered y-move\"> <div  class=\"row\"> <div  class=\"col-sm-fit icon-column\"> <i  class=\"fa icon fa-codepen round bordered color2\"><\/i> <\/div> <div  class=\"col-sm\" data-type=\"column\"> <h5  class=\"color2\">GESTI\u00d3N Y LOG\u00cdSTICA<\/h5> <p  class=\"\">Utilizamos procesos log\u00edsticos que optimizan el uso de recursos en los proyectos. Esto permite una alta confiabilidad en la planificaci\u00f3n, gerencia y gesti\u00f3n; logrando que seamos una organizaci\u00f3n con la m\u00e1s alta confiabilidad.<\/p><\/div> <\/div><\/div> <\/div> <div  class=\"col-sm-6\"> <div  class=\"card row-card bordered y-move\"> <div  class=\"row\"> <div  class=\"col-sm-fit icon-column\"> <i  class=\"fa icon fa-cube round bordered color2\"><\/i> <\/div> <div  class=\"col-sm\" data-type=\"column\"> <h5  class=\"color2\">EFICIENCIA Y EFICACIA<\/h5> <p  class=\"\">Somos pioneros en el sistema de encofrados; asegurando no solo menores tiempos de entrega, adem\u00e1s de calidad en los acabados que son incomparables y de belleza inigualable.<\/p><\/div> <\/div><\/div> <\/div> <div  class=\"col-sm-6\"> <div  class=\"card row-card bordered y-move\"> <div  class=\"row\"> <div  class=\"col-sm-fit icon-column\"> <i  class=\"fa icon fa-database round bordered color2\"><\/i> <\/div> <div  class=\"col-sm\" data-type=\"column\"> <h5  class=\"color2\">APLICACI\u00d3N DE LAS TECNOLOG\u00cdAS<\/h5> <p  class=\"\">El impacto de la aplicaci\u00f3n de tecnolog\u00eda ha marcado la diferencia en cada una de las etapas de los proyectos, utilizando software especializados-<\/p><\/div> <\/div><\/div> <\/div><\/div> <\/div><\/div><div  id=\"content-13\" style=\"background-color: #f5fafd;\" data-label=\"Content\" data-id=\"content-2\" data-export-id=\"content-2\" data-category=\"content\" class=\"content-2 content-section content-section-spacing\"><div > <div  class=\"row middle-xs\"><div  class=\"col-sm-5 bg-image shadow-large-black\" data-bg=\"image\" style=\"background-image: url(&quot;http:\/\/promadrica.com\/wp-content\/uploads\/2024\/11\/cropped-7-3.jpg&quot;);\"><\/div> <div  class=\"col-sm-7 full-col-left-padding full-col-right-padding\"> <div  class=\"row\"> <div  data-type=\"column\" class=\"space-bottom-small content-title-col\"> <h5  class=\"\">NUESTROS SERVICIOS<\/h5> <h2  class=\"\">Mucho m\u00e1s que ingenier\u00eda<\/h2> <p  class=\"\">Como contratista, Promotora Adriana C.A. se ecuentra dedicada a la ejecuci\u00f3n de proyectos que atienden a las necesidades de diferentes sectores como la construcci\u00f3n en la ejecuci\u00f3n de obras de diversa naturaleza. As\u00ed como el mantenimiento civil, mec\u00e1nico, trabajos el\u00e9ctricos, soldadura especializada, servicios generales, alquiler de maquinaria pesada, veh\u00edculos livianos y facilidades para el desarrollo de la ejecuci\u00f3n de proyectos.<\/p><\/div> <\/div> <div  class=\"row spaced-cols \" data-type=\"row\"> <div  class=\"col-xs-6\" data-type=\"column\"> <h5  class=\"\">OBRAS CIVILES<\/h5> <p  class=\"\">Construcci\u00f3n de viviendas, edificios, parques e\u00f3licos, puentes, diques, entre otros<\/p><\/div> <div  class=\"col-xs-6\" data-type=\"column\"><h5  class=\"\">SANEAMIENTO AMBIENTAL<\/h5> <p  class=\"\">sistemas de tratamiento y manejo de aguas negras. Construcci\u00f3n de sistemas de acucci\u00f3n y agua potable<\/p><\/div> <div  class=\"col-xs-6\" data-type=\"column\"><h5  class=\"\">DESARROLLO URBAN\u00cdSTICO<\/h5> <p  class=\"\">Vialidad (asfalto), aceras, blocales, electrificaci\u00f3n, cloacas y acueductos.<\/p><\/div> <div  class=\"col-xs-6\" data-type=\"column\"><h5  class=\"\">ALQUILER DE MAQUINARIA<\/h5> <p  class=\"\">Alquiler de maquinarias y equipos pesados, formaletas de aluminio, flota liviana y pesada.<\/p><\/div> <\/div><\/div> <\/div><\/div> <\/div><div  id=\"portfolio-3\" style=\"background-color: #f5fafd;\" data-label=\"Portfolio\" data-id=\"portfolio-4\" data-export-id=\"portfolio-4\" data-category=\"portfolio\" class=\"portfolio-4 content-section content-section-spacing-top\"><div  class=\"\"> <div  class=\"row text-center\"><div  class=\"section-title-col\" data-type=\"column\"> <h2  class=\"\">Portafolio de trabajo<\/h2> <p  class=\"lead\">Durante nuestros 30 a\u00f1os de trayectoria hemos acumulado \u00e9xitos y clientes satisfechos<\/p><\/div> <\/div> <div  data-type=\"row\" class=\"row\" data-fixed=\"true\"> <div  class=\"col-xs-12 col-sm-3 no-gutter-col\"> <div  class=\"contentswap-effect\" data-hover-fx=\"portfolio-4\"> <div  class=\"initial-image\"> <img  decoding=\"async\" data-size=\"542x360\" src=\"http:\/\/promadrica.com\/wp-content\/uploads\/2024\/11\/cropped-7-10-768x576-1.jpg\"><\/div> <div  class=\"overlay bg-color1\"><\/div> <div  class=\"swap-inner col-xs-12\"> <div  class=\"row full-height-row middle-xs middle-sm\"> <div  class=\"col-xs-12 text-center content-holder\"> <a  href=\"#\" target=\"_self\" rel=\"noopener\"><i  class=\"fa icon portfolio-icon fa-search big\" aria-hidden=\"true\"><\/i><\/a><\/div> <\/div><\/div> <\/div><\/div> <div  class=\"col-xs-12 col-sm-3 no-gutter-col\"><div  class=\"contentswap-effect\" data-hover-fx=\"portfolio-4\"> <div  class=\"initial-image\"> <img  decoding=\"async\" data-size=\"542x360\" src=\"http:\/\/promadrica.com\/wp-content\/uploads\/2024\/11\/cropped-cropped-7-3.jpg\"><\/div> <div  class=\"overlay bg-color1\"><\/div> <div  class=\"swap-inner col-xs-12\"> <div  class=\"row full-height-row middle-xs middle-sm\"> <div  class=\"col-xs-12 text-center content-holder\"> <a  href=\"#\" target=\"_self\" rel=\"noopener\"><i  class=\"fa icon portfolio-icon fa-search big\" aria-hidden=\"true\"><\/i><\/a><\/div> <\/div><\/div> <\/div><\/div> <div  class=\"col-xs-12 col-sm-3 no-gutter-col\"><div  class=\"contentswap-effect\" data-hover-fx=\"portfolio-4\"> <div  class=\"initial-image\"> <img  decoding=\"async\" data-size=\"542x360\" src=\"http:\/\/promadrica.com\/wp-content\/uploads\/2024\/11\/cropped-7-2-768x576-1.jpg\"><\/div> <div  class=\"overlay bg-color1\"><\/div> <div  class=\"swap-inner col-xs-12\"> <div  class=\"row full-height-row middle-xs middle-sm\"> <div  class=\"col-xs-12 text-center content-holder\"> <a  href=\"#\" target=\"_self\" rel=\"noopener\"><i  class=\"fa icon portfolio-icon fa-search big\" aria-hidden=\"true\"><\/i><\/a><\/div> <\/div><\/div> <\/div><\/div> <div  class=\"col-xs-12 col-sm-3 no-gutter-col\"><div  class=\"contentswap-effect\" data-hover-fx=\"portfolio-4\"> <div  class=\"initial-image\"> <img  decoding=\"async\" data-size=\"542x360\" src=\"http:\/\/promadrica.com\/wp-content\/uploads\/2024\/11\/cropped-6-13-768x512-1.jpg\"><\/div> <div  class=\"overlay bg-color1\"><\/div> <div  class=\"swap-inner col-xs-12\"> <div  class=\"row full-height-row middle-xs middle-sm\"> <div  class=\"col-xs-12 text-center content-holder\"> <a  href=\"#\" target=\"_self\" rel=\"noopener\"><i  class=\"fa icon portfolio-icon fa-search big\" aria-hidden=\"true\"><\/i><\/a><\/div> <\/div><\/div> <\/div><\/div> <div  class=\"col-xs-12 col-sm-3 no-gutter-col\"><div  class=\"contentswap-effect\" data-hover-fx=\"portfolio-4\"> <div  class=\"initial-image\"> <img  decoding=\"async\" data-size=\"542x360\" src=\"http:\/\/promadrica.com\/wp-content\/uploads\/2024\/11\/cropped-6-11-768x576-1.jpg\"><\/div> <div  class=\"overlay bg-color1\"><\/div> <div  class=\"swap-inner col-xs-12\"> <div  class=\"row full-height-row middle-xs middle-sm\"> <div  class=\"col-xs-12 text-center content-holder\"> <a  href=\"#\" target=\"_self\" rel=\"noopener\"><i  class=\"fa icon portfolio-icon fa-search big\" aria-hidden=\"true\"><\/i><\/a><\/div> <\/div><\/div> <\/div><\/div> <div  class=\"col-xs-12 col-sm-3 no-gutter-col\"><div  class=\"contentswap-effect\" data-hover-fx=\"portfolio-4\"> <div  class=\"initial-image\"> <img  decoding=\"async\" data-size=\"542x360\" src=\"http:\/\/promadrica.com\/wp-content\/uploads\/2024\/11\/cropped-6-10.jpg\"><\/div> <div  class=\"overlay bg-color1\"><\/div> <div  class=\"swap-inner col-xs-12\"> <div  class=\"row full-height-row middle-xs middle-sm\"> <div  class=\"col-xs-12 text-center content-holder\"> <a  href=\"#\" target=\"_self\" rel=\"noopener\"><i  class=\"fa icon portfolio-icon fa-search big\" aria-hidden=\"true\"><\/i><\/a><\/div> <\/div><\/div> <\/div><\/div> <div  class=\"col-xs-12 col-sm-3 no-gutter-col\"><div  class=\"contentswap-effect\" data-hover-fx=\"portfolio-4\"> <div  class=\"initial-image\"> <img  decoding=\"async\" data-size=\"542x360\" src=\"http:\/\/promadrica.com\/wp-content\/uploads\/2024\/11\/cropped-6-7-768x432-1.jpg\"><\/div> <div  class=\"overlay bg-color1\"><\/div> <div  class=\"swap-inner col-xs-12\"> <div  class=\"row full-height-row middle-xs middle-sm\"> <div  class=\"col-xs-12 text-center content-holder\"> <a  href=\"#\" target=\"_self\" rel=\"noopener\"><i  class=\"fa icon portfolio-icon fa-search big\" aria-hidden=\"true\"><\/i><\/a><\/div> <\/div><\/div> <\/div><\/div> <div  class=\"col-xs-12 col-sm-3 no-gutter-col\"><div  class=\"contentswap-effect\" data-hover-fx=\"portfolio-4\"> <div  class=\"initial-image\"> <img  decoding=\"async\" data-size=\"542x360\" src=\"http:\/\/promadrica.com\/wp-content\/uploads\/2024\/11\/cropped-5-7.jpg\"><\/div> <div  class=\"overlay bg-color1\"><\/div> <div  class=\"swap-inner col-xs-12\"> <div  class=\"row full-height-row middle-xs middle-sm\"> <div  class=\"col-xs-12 text-center content-holder\"> <a  href=\"#\" target=\"_self\" rel=\"noopener\"><i  class=\"fa icon portfolio-icon fa-search big\" aria-hidden=\"true\"><\/i><\/a><\/div> <\/div><\/div> <\/div><\/div> <\/div><\/div> <\/div><div  id=\"contact-1\" data-label=\"Contact\" data-id=\"contact-1\" data-export-id=\"contact-1\" data-category=\"contact\" class=\"contact-1 content-section content-section-spacing white-text\" data-parallax-depth=\"20\" style=\"background-image: url(&quot;http:\/\/promadrica.com\/wp-content\/uploads\/2024\/11\/3-12-768x512-1.jpg&quot;); background-size: cover; background-position: center top;\"><div  class=\"gridContainer\"> <div  class=\"row text-center\"><div  class=\"section-title-col\" data-type=\"column\"> <h2  class=\"\">Cont\u00e1ctanos<\/h2> <p  class=\"lead\">Estamos muy cerca de t\u00ed. Solo debes llenar este formulario y pronto nos pondremos en contacto contigo<\/p><\/div> <\/div> <div  class=\"row text-center\"> <div  class=\"col-xs-12 col-sm-8 col-sm-offset-2 contact-form-wrapper inline-info\"> <div  class=\"card large-padding\"> <div  class=\"\" data-content-shortcode=\"mesmerize_contact_form\" data-editable=\"true\"><p style=\"text-align:center;color:#ababab\">Contact form will be displayed here. To activate it you have to set the \"contact form shortcode\" parameter in Customizer.<\/p><\/div><\/div> <\/div><\/div> <\/div><\/div>","protected":false},"excerpt":{"rendered":"<p>REQUERIMIENTO DE PROYECTOS Cumplimos con los requerimientos de nuestros clientes en materia de arquitectura, mec\u00e1nica, industrial, civil y elaboraci\u00f3n de concreto de alta calidad de producci\u00f3n INGENIER\u00cdA ESPEC\u00cdFICA Para el logro de un servicio excepcional, estamos comprometidos en nuestros procesos de ingenier\u00eda que aseguren las debidas garat\u00edas de calidad PROFESIONALES DE ALTO NIVEL Nuestros profesionales&hellip; <br \/> <a class=\"read-more\" href=\"https:\/\/promadrica.com\/\">Leer m\u00e1s<\/a><\/p>\n","protected":false},"author":1,"featured_media":0,"parent":0,"menu_order":0,"comment_status":"closed","ping_status":"closed","template":"page-templates\/homepage.php","meta":{"footnotes":""},"class_list":["post-6","page","type-page","status-publish","hentry"],"_links":{"self":[{"href":"https:\/\/promadrica.com\/index.php\/wp-json\/wp\/v2\/pages\/6","targetHints":{"allow":["GET"]}}],"collection":[{"href":"https:\/\/promadrica.com\/index.php\/wp-json\/wp\/v2\/pages"}],"about":[{"href":"https:\/\/promadrica.com\/index.php\/wp-json\/wp\/v2\/types\/page"}],"author":[{"embeddable":true,"href":"https:\/\/promadrica.com\/index.php\/wp-json\/wp\/v2\/users\/1"}],"replies":[{"embeddable":true,"href":"https:\/\/promadrica.com\/index.php\/wp-json\/wp\/v2\/comments?post=6"}],"version-history":[{"count":19,"href":"https:\/\/promadrica.com\/index.php\/wp-json\/wp\/v2\/pages\/6\/revisions"}],"predecessor-version":[{"id":622,"href":"https:\/\/promadrica.com\/index.php\/wp-json\/wp\/v2\/pages\/6\/revisions\/622"}],"wp:attachment":[{"href":"https:\/\/promadrica.com\/index.php\/wp-json\/wp\/v2\/media?parent=6"}],"curies":[{"name":"wp","href":"https:\/\/api.w.org\/{rel}","templated":true}]}}