{"id":479,"date":"2024-11-05T17:05:57","date_gmt":"2024-11-05T21:05:57","guid":{"rendered":"https:\/\/promadrica.com\/?page_id=479"},"modified":"2024-11-06T10:25:17","modified_gmt":"2024-11-06T14:25:17","slug":"quienes-somos","status":"publish","type":"page","link":"https:\/\/promadrica.com\/index.php\/quienes-somos\/","title":{"rendered":"Quienes somos"},"content":{"rendered":"\n<p><\/p>\n\n\n\n<p><\/p>\n\n\n\n<p class=\"has-black-color has-text-color has-link-color wp-elements-ad2b7c5b067ba376055370adc63c0de9\">La empresa Promotora Adriana C.A. (PROMADRICA) fue creada y registrada el 28 de septiembre de 1994 en el Registro Mercantil Segundo de la circunscripci\u00f3n Judicial del Estado Falc\u00f3n, bajo el n\u00famero 35 del Tomo 10-A en el Folio 9.<\/p>\n\n\n\n<p class=\"has-black-color has-text-color has-link-color wp-elements-6c4ff25f17f40b96c9bd44259a1e6c5a\">Estamos ubicados en la Pen\u00ednsula de Paraguan\u00e1, en la ciudad de Punto Fijo, Municipio aut\u00f3nomo Carirubana, Estado Falc\u00f3n. Venezuela.<\/p>\n\n\n<div class=\"wp-block-image\">\n<figure class=\"aligncenter size-full is-resized\"><img loading=\"lazy\" decoding=\"async\" width=\"768\" height=\"576\" src=\"http:\/\/promadrica.com\/wp-content\/uploads\/2024\/11\/3-768x576-1.jpg\" alt=\"\" class=\"wp-image-192\" style=\"width:467px;height:auto\" srcset=\"https:\/\/promadrica.com\/wp-content\/uploads\/2024\/11\/3-768x576-1.jpg 768w, https:\/\/promadrica.com\/wp-content\/uploads\/2024\/11\/3-768x576-1-300x225.jpg 300w\" sizes=\"auto, (max-width: 768px) 100vw, 768px\" \/><\/figure>\n<\/div>\n\n\n<p class=\"has-black-color has-text-color has-link-color has-large-font-size wp-elements-e6c42ef6b2386a8eb1d19484a2a172ff\"><strong>Misi\u00f3n<\/strong><\/p>\n\n\n\n<p class=\"has-black-color has-text-color has-link-color wp-elements-10b0e4f61b3b79be8228df49b5e207e9\">Ejecutar proyectos de obras civiles, cumpliendo con los requisitos legales, reglamentarios del cliente y propios de la organizaci\u00f3n, en cuanto a seguridad, calidad, costo y tiempo con la aplicaci\u00f3n de la tecnolog\u00eda apropiada y con un talento humano competente, a fin de satisfacer las necesidades de nuestros clientes.<\/p>\n\n\n\n<p><\/p>\n\n\n\n<p class=\"has-black-color has-text-color has-link-color has-large-font-size wp-elements-e15d8c23afa6c6d15a24c1347e2a037b\"><strong>Visi\u00f3n<\/strong><\/p>\n\n\n\n<p class=\"has-black-color has-text-color has-link-color wp-elements-9dff8e6b0f465470e6dc4d1c039e7f7c\">Posicionarse como un proveedor confiable en la Ejecuci\u00f3n de Obras con est\u00e1ndares de seguridad, calidad, costo y tiempo, a nivel regional, nacional e internacional con clientes tanto p\u00fablicos como privados.<\/p>\n\n\n\n<p><\/p>\n","protected":false},"excerpt":{"rendered":"<p>La empresa Promotora Adriana C.A. (PROMADRICA) fue creada y registrada el 28 de septiembre de 1994 en el Registro Mercantil Segundo de la circunscripci\u00f3n Judicial del Estado Falc\u00f3n, bajo el n\u00famero 35 del Tomo 10-A en el Folio 9. Estamos ubicados en la Pen\u00ednsula de Paraguan\u00e1, en la ciudad de Punto Fijo, Municipio aut\u00f3nomo Carirubana,&hellip; <br \/> <a class=\"read-more\" href=\"https:\/\/promadrica.com\/index.php\/quienes-somos\/\">Leer m\u00e1s<\/a><\/p>\n","protected":false},"author":1,"featured_media":0,"parent":0,"menu_order":0,"comment_status":"closed","ping_status":"closed","template":"","meta":{"footnotes":""},"class_list":["post-479","page","type-page","status-publish","hentry"],"_links":{"self":[{"href":"https:\/\/promadrica.com\/index.php\/wp-json\/wp\/v2\/pages\/479","targetHints":{"allow":["GET"]}}],"collection":[{"href":"https:\/\/promadrica.com\/index.php\/wp-json\/wp\/v2\/pages"}],"about":[{"href":"https:\/\/promadrica.com\/index.php\/wp-json\/wp\/v2\/types\/page"}],"author":[{"embeddable":true,"href":"https:\/\/promadrica.com\/index.php\/wp-json\/wp\/v2\/users\/1"}],"replies":[{"embeddable":true,"href":"https:\/\/promadrica.com\/index.php\/wp-json\/wp\/v2\/comments?post=479"}],"version-history":[{"count":4,"href":"https:\/\/promadrica.com\/index.php\/wp-json\/wp\/v2\/pages\/479\/revisions"}],"predecessor-version":[{"id":491,"href":"https:\/\/promadrica.com\/index.php\/wp-json\/wp\/v2\/pages\/479\/revisions\/491"}],"wp:attachment":[{"href":"https:\/\/promadrica.com\/index.php\/wp-json\/wp\/v2\/media?parent=479"}],"curies":[{"name":"wp","href":"https:\/\/api.w.org\/{rel}","templated":true}]}}