{"id":432,"date":"2024-11-05T16:11:40","date_gmt":"2024-11-05T20:11:40","guid":{"rendered":"https:\/\/promadrica.com\/?page_id=432"},"modified":"2024-11-06T10:30:48","modified_gmt":"2024-11-06T14:30:48","slug":"servicios","status":"publish","type":"page","link":"https:\/\/promadrica.com\/index.php\/servicios\/","title":{"rendered":"Servicios"},"content":{"rendered":"\n<p class=\"has-black-color has-text-color has-link-color has-large-font-size wp-elements-03be76a6a799dccf91895ff06eb6de8c\"><strong>Pol\u00edtica de calidad<\/strong><\/p>\n\n\n\n<p class=\"has-black-color has-text-color has-link-color wp-elements-1e5dcdef14163e49963eaa9e6a0fc755\">Promotora Adriana C.A. est\u00e1 comprometida en brindar un servicio de calidad en la ejecuci\u00f3n de proyectos, enmarcada en su direcci\u00f3n estrat\u00e9gica y considerando el contexto de la organizaci\u00f3n, cumpliendo con la entrega oportuna, con un talento humano competente y con el uso de tecnolog\u00eda, para cumplir con los requisitos aplicables, satisfacer las necesidades de los clientes y mejorar continuamente el sistema de gesti\u00f3n de la calidad.<\/p>\n\n\n\n<p><\/p>\n\n\n\n<p class=\"has-black-color has-text-color has-link-color wp-elements-adca9bfdfcc92456be8685b6e2aeb5d4\">Como contratista, Promotora Adriana C.A. se encuentra dedicada a la ejecuci\u00f3n de proyectos que atienden a las necesidades de diferentes sectores como la construcci\u00f3n en la ejecuci\u00f3n de obras de diversa naturaleza. As\u00ed como el mantenimiento civil, mec\u00e1nico, trabajos el\u00e9ctricos, soldadura especializada, servicios generales, alquiler de maquinaria pesada, veh\u00edculos livianos y facilidades para el desarrollo de la ejecuci\u00f3n de proyectos.<\/p>\n\n\n\n<p class=\"has-black-color has-text-color has-link-color has-large-font-size wp-elements-351b8a4deff246893f4d6e8d7c5a24cb\"><strong>Obras civiles<\/strong><\/p>\n\n\n\n<ul class=\"wp-block-list has-black-color has-text-color has-link-color wp-elements-caeeab06567549ba549f7949c948dd21\">\n<li>Construcci\u00f3n de viviendas unifamiliares.<\/li>\n\n\n\n<li>Construcci\u00f3n de Edificios comerciales.<\/li>\n\n\n\n<li>Construcci\u00f3n de Centros de Asistencia.<\/li>\n\n\n\n<li>Construcci\u00f3n, Remodelaci\u00f3n y Mantenimiento de edificaciones en general.<\/li>\n\n\n\n<li>Construcci\u00f3n de obras civiles en sistemas de generaci\u00f3n de Energ\u00eda El\u00e9ctrica E\u00f3lica.<\/li>\n<\/ul>\n\n\n\n<p class=\"has-black-color has-text-color has-link-color has-large-font-size wp-elements-36ba57db57c0efb7874d61735b4cb032\"><strong>Saneamiento Ambiental<\/strong><\/p>\n\n\n\n<ul class=\"wp-block-list has-black-color has-text-color has-link-color wp-elements-6d580ac6fd5a1d8c59ad210a683822e3\">\n<li>Construcci\u00f3n de sistemas para manejo y tratamiento de Aguas Negras.<\/li>\n\n\n\n<li>Construcci\u00f3n de sistemas de acuacci\u00f3n y suministro de agua potable.<\/li>\n\n\n\n<li>Construcci\u00f3n de Drenaje de Aguas Pluviales.<\/li>\n\n\n\n<li>Lagunas de oxidaci\u00f3n.<\/li>\n<\/ul>\n\n\n\n<p class=\"has-black-color has-text-color has-link-color has-large-font-size wp-elements-cff69e8d1d5cce30872de8b3696e4f11\"><strong>Desarrollo Urban\u00edstico<\/strong><\/p>\n\n\n\n<ul class=\"wp-block-list has-black-color has-text-color has-link-color wp-elements-e0968b60e95fef72c3353a698f838677\">\n<li>Vialidad (asfalto).<\/li>\n\n\n\n<li>Construcci\u00f3n de Aceras y Brocales.<\/li>\n\n\n\n<li>Electrificaci\u00f3n.<\/li>\n\n\n\n<li>Cloacas y acueductos.<\/li>\n\n\n\n<li>Construcci\u00f3n de Sistemas cerrados de suministro de gas dom\u00e9stico.<\/li>\n\n\n\n<li>Pintura.<\/li>\n\n\n\n<li>Roofing.<\/li>\n\n\n\n<li>Trabajos en drywall.<\/li>\n\n\n\n<li>Canalizaci\u00f3n y empotramiento.<\/li>\n\n\n\n<li>Acabados decorativos.<\/li>\n\n\n\n<li>Flooring.<\/li>\n<\/ul>\n\n\n\n<p class=\"has-black-color has-text-color has-link-color has-large-font-size wp-elements-16a2cefe7e3c91228e6ef4139043ca48\"><strong>Facilidades<\/strong><\/p>\n\n\n\n<ul class=\"wp-block-list has-black-color has-text-color has-link-color wp-elements-516410a87e1c3f20c54720a6b2ce23fe\">\n<li>Alquiler de maquinarias y equipos pesados.<\/li>\n\n\n\n<li>Alquiler de formaletas de aluminio (encofrados).<\/li>\n\n\n\n<li>Alquiler de flota liviana.<\/li>\n\n\n\n<li>Alquiler de ba\u00f1os port\u00e1tiles.<\/li>\n\n\n\n<li>Servicios de asesor\u00eda y elaboraci\u00f3n de documentaci\u00f3n para la ejecuci\u00f3n de obras y proyectos.<\/li>\n\n\n\n<li>Importaci\u00f3n de materiales y equipos.<\/li>\n<\/ul>\n\n\n\n<p><\/p>\n","protected":false},"excerpt":{"rendered":"<p>Pol\u00edtica de calidad Promotora Adriana C.A. est\u00e1 comprometida en brindar un servicio de calidad en la ejecuci\u00f3n de proyectos, enmarcada en su direcci\u00f3n estrat\u00e9gica y considerando el contexto de la organizaci\u00f3n, cumpliendo con la entrega oportuna, con un talento humano competente y con el uso de tecnolog\u00eda, para cumplir con los requisitos aplicables, satisfacer las&hellip; <br \/> <a class=\"read-more\" href=\"https:\/\/promadrica.com\/index.php\/servicios\/\">Leer m\u00e1s<\/a><\/p>\n","protected":false},"author":1,"featured_media":0,"parent":0,"menu_order":0,"comment_status":"closed","ping_status":"closed","template":"","meta":{"footnotes":""},"class_list":["post-432","page","type-page","status-publish","hentry"],"_links":{"self":[{"href":"https:\/\/promadrica.com\/index.php\/wp-json\/wp\/v2\/pages\/432","targetHints":{"allow":["GET"]}}],"collection":[{"href":"https:\/\/promadrica.com\/index.php\/wp-json\/wp\/v2\/pages"}],"about":[{"href":"https:\/\/promadrica.com\/index.php\/wp-json\/wp\/v2\/types\/page"}],"author":[{"embeddable":true,"href":"https:\/\/promadrica.com\/index.php\/wp-json\/wp\/v2\/users\/1"}],"replies":[{"embeddable":true,"href":"https:\/\/promadrica.com\/index.php\/wp-json\/wp\/v2\/comments?post=432"}],"version-history":[{"count":4,"href":"https:\/\/promadrica.com\/index.php\/wp-json\/wp\/v2\/pages\/432\/revisions"}],"predecessor-version":[{"id":493,"href":"https:\/\/promadrica.com\/index.php\/wp-json\/wp\/v2\/pages\/432\/revisions\/493"}],"wp:attachment":[{"href":"https:\/\/promadrica.com\/index.php\/wp-json\/wp\/v2\/media?parent=432"}],"curies":[{"name":"wp","href":"https:\/\/api.w.org\/{rel}","templated":true}]}}